{"id":8,"date":"2021-03-05T18:18:10","date_gmt":"2021-03-05T18:18:10","guid":{"rendered":"https:\/\/goodlifeperu.com\/?page_id=8"},"modified":"2022-02-03T17:05:50","modified_gmt":"2022-02-03T17:05:50","slug":"homepage","status":"publish","type":"page","link":"https:\/\/goodlifeperu.com\/index.php\/homepage\/","title":{"rendered":"Homepage"},"content":{"rendered":"<p><a href=\"https:\/\/www.facebook.com\/GoodLife-110748017735973\" target=\"_blank\" rel=\"noopener\"><br \/>\n\t\t\t\t\t\tFacebook<br \/>\n\t\t\t\t\t\t\t\t\t\t\t<\/a><br \/>\n\t\t\t\t\t<a href=\"https:\/\/www.instagram.com\/goodlife.peru\" target=\"_blank\" rel=\"noopener\"><br \/>\n\t\t\t\t\t\tInstagram<br \/>\n\t\t\t\t\t\t\t\t\t\t\t<\/a><br \/>\n\t\t\t\t\t<a href=\"https:\/\/www.youtube.com\/channel\/UCoZaV7a-s4OO32eJAfPwS7g\" target=\"_blank\" rel=\"noopener\"><br \/>\n\t\t\t\t\t\tYoutube<br \/>\n\t\t\t\t\t\t\t\t\t\t\t<\/a><br \/>\n\t\t\t\t\t\t\t\t\t\t\t\t\t\t\t<img loading=\"lazy\" decoding=\"async\" width=\"300\" height=\"110\" src=\"https:\/\/goodlifeperu.com\/wp-content\/uploads\/2021\/03\/Icono-Delivery-con-numero-300x110.png\" alt=\"\" loading=\"lazy\" srcset=\"https:\/\/i0.wp.com\/goodlifeperu.com\/wp-content\/uploads\/2021\/03\/Icono-Delivery-con-numero.png?resize=300%2C110&amp;ssl=1 300w, https:\/\/i0.wp.com\/goodlifeperu.com\/wp-content\/uploads\/2021\/03\/Icono-Delivery-con-numero.png?resize=1024%2C374&amp;ssl=1 1024w, https:\/\/i0.wp.com\/goodlifeperu.com\/wp-content\/uploads\/2021\/03\/Icono-Delivery-con-numero.png?resize=768%2C280&amp;ssl=1 768w, https:\/\/i0.wp.com\/goodlifeperu.com\/wp-content\/uploads\/2021\/03\/Icono-Delivery-con-numero.png?resize=1536%2C561&amp;ssl=1 1536w, https:\/\/i0.wp.com\/goodlifeperu.com\/wp-content\/uploads\/2021\/03\/Icono-Delivery-con-numero.png?resize=600%2C219&amp;ssl=1 600w, https:\/\/i0.wp.com\/goodlifeperu.com\/wp-content\/uploads\/2021\/03\/Icono-Delivery-con-numero.png?w=2000&amp;ssl=1 2000w, https:\/\/i0.wp.com\/goodlifeperu.com\/wp-content\/uploads\/2021\/03\/Icono-Delivery-con-numero.png?w=1600&amp;ssl=1 1600w\" sizes=\"auto, (max-width: 300px) 100vw, 300px\" \/><br \/>\n\t\t\t\t\t\t\t\t\t\t\t\t\t\t\t\t<a href=\"https:\/\/goodlifeperu.com\"><br \/>\n\t\t\t\t\t\t\t<img loading=\"lazy\" decoding=\"async\" width=\"150\" height=\"150\" src=\"https:\/\/goodlifeperu.com\/wp-content\/uploads\/2021\/03\/Logotipo-Good-Life-PNG-2000x2000-1-150x150.png\" alt=\"\" loading=\"lazy\" srcset=\"https:\/\/i0.wp.com\/goodlifeperu.com\/wp-content\/uploads\/2021\/03\/Logotipo-Good-Life-PNG-2000x2000-1.png?resize=150%2C150&amp;ssl=1 150w, https:\/\/i0.wp.com\/goodlifeperu.com\/wp-content\/uploads\/2021\/03\/Logotipo-Good-Life-PNG-2000x2000-1.png?resize=300%2C300&amp;ssl=1 300w, https:\/\/i0.wp.com\/goodlifeperu.com\/wp-content\/uploads\/2021\/03\/Logotipo-Good-Life-PNG-2000x2000-1.png?resize=1024%2C1024&amp;ssl=1 1024w, https:\/\/i0.wp.com\/goodlifeperu.com\/wp-content\/uploads\/2021\/03\/Logotipo-Good-Life-PNG-2000x2000-1.png?resize=768%2C768&amp;ssl=1 768w, https:\/\/i0.wp.com\/goodlifeperu.com\/wp-content\/uploads\/2021\/03\/Logotipo-Good-Life-PNG-2000x2000-1.png?resize=1536%2C1536&amp;ssl=1 1536w, https:\/\/i0.wp.com\/goodlifeperu.com\/wp-content\/uploads\/2021\/03\/Logotipo-Good-Life-PNG-2000x2000-1.png?resize=100%2C100&amp;ssl=1 100w, https:\/\/i0.wp.com\/goodlifeperu.com\/wp-content\/uploads\/2021\/03\/Logotipo-Good-Life-PNG-2000x2000-1.png?w=2000&amp;ssl=1 2000w, https:\/\/i0.wp.com\/goodlifeperu.com\/wp-content\/uploads\/2021\/03\/Logotipo-Good-Life-PNG-2000x2000-1.png?w=1600&amp;ssl=1 1600w\" sizes=\"auto, (max-width: 150px) 100vw, 150px\" \/>\t\t\t\t\t\t\t\t<\/a><\/p>\n<form role=\"search\" action=\"https:\/\/goodlifeperu.com\" method=\"get\">\n\t\t\t\t<input placeholder=\"\" type=\"search\" name=\"s\" title=\"Buscar\" value=\"\"><br \/>\n\t\t\t\t\t<\/form>\n<h2>BENEFICIOS DEL COL\u00c1GENO<\/h2>\n<figure><img decoding=\"async\" src=\"https:\/\/goodlifeperu.com\/wp-content\/uploads\/2021\/03\/Mejora-la-Salud-de-la-Piel-150x150.png\" alt=\"Mejora la Salud de la Piel\" \/><figcaption>Mejora la Salud de la Piel<\/figcaption><\/figure>\n<figure><img decoding=\"async\" src=\"https:\/\/goodlifeperu.com\/wp-content\/uploads\/2021\/03\/Ayuda-a-Aliviar-el-Dolor-de-las-Articulaciones-150x150.png\" alt=\"Ayuda a Aliviar el Dolor de las Articulaciones\" \/><figcaption>Ayuda a Aliviar el Dolor de las Articulaciones<\/figcaption><\/figure>\n<figure><img decoding=\"async\" src=\"https:\/\/goodlifeperu.com\/wp-content\/uploads\/2021\/03\/Contiene-Vitamina-C-150x150.png\" alt=\"Contiene Vitamina C\" \/><figcaption>Contiene Vitamina C<\/figcaption><\/figure>\n<figure><img decoding=\"async\" src=\"https:\/\/goodlifeperu.com\/wp-content\/uploads\/2021\/03\/Es-importante-para-nuestro-Cuerpo-150x150.png\" alt=\"Es importante para nuestro Cuerpo\" \/><figcaption>Es importante para nuestro Cuerpo<\/figcaption><\/figure>\n<p>\t\t\t\t\t\t\t\t\t\t\t\tAnterior<br \/>\n\t\t\t\t\t\t\t\t\t\t\t\tSiguiente<br \/>\n\t\t\t\t\t\t\t\t\t\t\t\t\t\t\t<img loading=\"lazy\" decoding=\"async\" width=\"800\" height=\"963\" src=\"https:\/\/goodlifeperu.com\/wp-content\/uploads\/2021\/03\/pngwing.com-2.png\" alt=\"\" loading=\"lazy\" srcset=\"https:\/\/i0.wp.com\/goodlifeperu.com\/wp-content\/uploads\/2021\/03\/pngwing.com-2.png?w=851&amp;ssl=1 851w, https:\/\/i0.wp.com\/goodlifeperu.com\/wp-content\/uploads\/2021\/03\/pngwing.com-2.png?resize=249%2C300&amp;ssl=1 249w, https:\/\/i0.wp.com\/goodlifeperu.com\/wp-content\/uploads\/2021\/03\/pngwing.com-2.png?resize=768%2C924&amp;ssl=1 768w\" sizes=\"auto, (max-width: 800px) 100vw, 800px\" \/>\t\t\t\t\t\t\t\t\t\t\t\t\t\t\t<\/p>\n<h1>\u00a0<\/h1>\n<h1>\u00a0<\/h1>\n<h1><strong>\u00bfQu\u00e9 es el Col\u00e1geno Hidrolizado?<\/strong><\/h1>\n<p><strong>El col\u00e1geno es la prote\u00edna m\u00e1s abundante de nuestro organismo y su funci\u00f3n es la de confeccionar el tejido conectivo, como la piel, cart\u00edlagos, huesos, tendones y los \u00f3rganos. Por este motivo, es una sustancia fundamental para el buen mantenimiento y funcionamiento de estas estructuras.<\/strong><\/p>\n<h2>nUESTROS PRODUCTOS<\/h2>\n<figure><img loading=\"lazy\" decoding=\"async\" width=\"800\" height=\"800\" src=\"https:\/\/goodlifeperu.com\/wp-content\/uploads\/2021\/03\/GoodLife-DefenC-PNG.png\" alt=\"\" loading=\"lazy\" \/><\/figure>\n<h3>GOODLIFE DEFEN-C<\/h3>\n<p>\t\t\t<a href=\"#\" role=\"button\"><br \/>\n\t\t\t\t\t\tCOMPRAR<br \/>\n\t\t\t\t\t<\/a><\/p>\n<figure><img loading=\"lazy\" decoding=\"async\" width=\"1200\" height=\"1200\" src=\"https:\/\/goodlifeperu.com\/wp-content\/uploads\/2021\/03\/GoodLife-Camu-Camu-PNG.png\" alt=\"\" loading=\"lazy\" \/><\/figure>\n<h3>COL\u00c1GENO HIDROLIZADO &amp; CAMU CAMU &#8211; Sabor Naranja<\/h3>\n<p>\t\t\t<a href=\"#\" role=\"button\"><br \/>\n\t\t\t\t\t\tCOMPRAR<br \/>\n\t\t\t\t\t<\/a><\/p>\n<figure><img loading=\"lazy\" decoding=\"async\" width=\"1200\" height=\"1200\" src=\"https:\/\/goodlifeperu.com\/wp-content\/uploads\/2021\/03\/GoodLife-Advance-PNG.png\" alt=\"\" loading=\"lazy\" \/><\/figure>\n<h3>GOODLIFE ADVANCE<\/h3>\n<p>\t\t\t<a href=\"#\" role=\"button\"><br \/>\n\t\t\t\t\t\tCOMPRAR<br \/>\n\t\t\t\t\t<\/a><\/p>\n<figure><img loading=\"lazy\" decoding=\"async\" width=\"1200\" height=\"1200\" src=\"https:\/\/goodlifeperu.com\/wp-content\/uploads\/2021\/03\/GoodLife-Kids-PNG.png\" alt=\"\" loading=\"lazy\" \/><\/figure>\n<h3>GOODLIFE KIDS<\/h3>\n<p>\t\t\t<a href=\"#\" role=\"button\"><br \/>\n\t\t\t\t\t\tCOMPRAR<br \/>\n\t\t\t\t\t<\/a><\/p>\n<figure><img loading=\"lazy\" decoding=\"async\" width=\"1200\" height=\"1200\" src=\"https:\/\/goodlifeperu.com\/wp-content\/uploads\/2021\/03\/GoodLife-Moringa-PNG.png\" alt=\"\" loading=\"lazy\" \/><\/figure>\n<h3>COL\u00c1GENO HIDROLIZADO &amp; MORINGA &#8211; Sabor a Mora Silvestre<\/h3>\n<p>\t\t\t<a href=\"#\" role=\"button\"><br \/>\n\t\t\t\t\t\tCOMPRAR<br \/>\n\t\t\t\t\t<\/a><\/p>\n<figure><img loading=\"lazy\" decoding=\"async\" width=\"1200\" height=\"1200\" src=\"https:\/\/goodlifeperu.com\/wp-content\/uploads\/2021\/03\/GoodLife-Advance-PNG.png\" alt=\"\" loading=\"lazy\" \/><\/figure>\n<h3>GOODLIFE ADVANCE<\/h3>\n<p>\t\t\t<a href=\"#\" role=\"button\"><br \/>\n\t\t\t\t\t\tCOMPRAR<br \/>\n\t\t\t\t\t<\/a><\/p>\n<h2>GoodLife 2021 &#8211; Todos los Derechos Reservados, P\u00e1gina creada por Publiclar <\/h2>\n","protected":false},"excerpt":{"rendered":"<p>Facebook Instagram Youtube BENEFICIOS DEL COL\u00c1GENO Mejora la Salud de la Piel Ayuda a Aliviar el Dolor de las Articulaciones Contiene Vitamina C Es importante para nuestro Cuerpo Anterior Siguiente \u00a0 \u00a0 \u00bfQu\u00e9 es el Col\u00e1geno Hidrolizado? El col\u00e1geno es la prote\u00edna m\u00e1s abundante de nuestro organismo y su funci\u00f3n es la de confeccionar el [&hellip;]<\/p>\n","protected":false},"author":1,"featured_media":0,"parent":0,"menu_order":0,"comment_status":"closed","ping_status":"closed","template":"elementor_canvas","meta":{"site-sidebar-layout":"default","site-content-layout":"","ast-site-content-layout":"default","site-content-style":"default","site-sidebar-style":"default","ast-global-header-display":"","ast-banner-title-visibility":"","ast-main-header-display":"","ast-hfb-above-header-display":"","ast-hfb-below-header-display":"","ast-hfb-mobile-header-display":"","site-post-title":"","ast-breadcrumbs-content":"","ast-featured-img":"","footer-sml-layout":"","ast-disable-related-posts":"","theme-transparent-header-meta":"","adv-header-id-meta":"","stick-header-meta":"","header-above-stick-meta":"","header-main-stick-meta":"","header-below-stick-meta":"","astra-migrate-meta-layouts":"default","ast-page-background-enabled":"default","ast-page-background-meta":{"desktop":{"background-color":"","background-image":"","background-repeat":"repeat","background-position":"center center","background-size":"auto","background-attachment":"scroll","background-type":"","background-media":"","overlay-type":"","overlay-color":"","overlay-opacity":"","overlay-gradient":""},"tablet":{"background-color":"","background-image":"","background-repeat":"repeat","background-position":"center center","background-size":"auto","background-attachment":"scroll","background-type":"","background-media":"","overlay-type":"","overlay-color":"","overlay-opacity":"","overlay-gradient":""},"mobile":{"background-color":"","background-image":"","background-repeat":"repeat","background-position":"center center","background-size":"auto","background-attachment":"scroll","background-type":"","background-media":"","overlay-type":"","overlay-color":"","overlay-opacity":"","overlay-gradient":""}},"ast-content-background-meta":{"desktop":{"background-color":"var(--ast-global-color-5)","background-image":"","background-repeat":"repeat","background-position":"center center","background-size":"auto","background-attachment":"scroll","background-type":"","background-media":"","overlay-type":"","overlay-color":"","overlay-opacity":"","overlay-gradient":""},"tablet":{"background-color":"var(--ast-global-color-5)","background-image":"","background-repeat":"repeat","background-position":"center center","background-size":"auto","background-attachment":"scroll","background-type":"","background-media":"","overlay-type":"","overlay-color":"","overlay-opacity":"","overlay-gradient":""},"mobile":{"background-color":"var(--ast-global-color-5)","background-image":"","background-repeat":"repeat","background-position":"center center","background-size":"auto","background-attachment":"scroll","background-type":"","background-media":"","overlay-type":"","overlay-color":"","overlay-opacity":"","overlay-gradient":""}},"footnotes":""},"class_list":["post-8","page","type-page","status-publish","hentry"],"_links":{"self":[{"href":"https:\/\/goodlifeperu.com\/index.php\/wp-json\/wp\/v2\/pages\/8","targetHints":{"allow":["GET"]}}],"collection":[{"href":"https:\/\/goodlifeperu.com\/index.php\/wp-json\/wp\/v2\/pages"}],"about":[{"href":"https:\/\/goodlifeperu.com\/index.php\/wp-json\/wp\/v2\/types\/page"}],"author":[{"embeddable":true,"href":"https:\/\/goodlifeperu.com\/index.php\/wp-json\/wp\/v2\/users\/1"}],"replies":[{"embeddable":true,"href":"https:\/\/goodlifeperu.com\/index.php\/wp-json\/wp\/v2\/comments?post=8"}],"version-history":[{"count":133,"href":"https:\/\/goodlifeperu.com\/index.php\/wp-json\/wp\/v2\/pages\/8\/revisions"}],"predecessor-version":[{"id":210,"href":"https:\/\/goodlifeperu.com\/index.php\/wp-json\/wp\/v2\/pages\/8\/revisions\/210"}],"wp:attachment":[{"href":"https:\/\/goodlifeperu.com\/index.php\/wp-json\/wp\/v2\/media?parent=8"}],"curies":[{"name":"wp","href":"https:\/\/api.w.org\/{rel}","templated":true}]}}