{"id":1256,"date":"2022-09-17T15:45:17","date_gmt":"2022-09-17T15:45:17","guid":{"rendered":"https:\/\/goodlifeperu.com\/?post_type=product&#038;p=1256"},"modified":"2025-07-22T13:23:41","modified_gmt":"2025-07-22T13:23:41","slug":"colagenogradomedico","status":"publish","type":"product","link":"https:\/\/goodlifeperu.com\/index.php\/producto\/colagenogradomedico\/","title":{"rendered":"Col\u00e1geno Doblemente Hidrolizado GoodLife"},"content":{"rendered":"<p>Goodlife Col\u00e1geno doblemente hidrolizado 100% Puro.<br \/>\nGoodlife Col\u00e1geno, es de grado m\u00e9dico doblemente hidrolizado con est\u00e1ndares de calidad Europea<\/p>\n<p>Ideal en tratamiento de Artrosis a la rodilla, a la Cadera, evitar el desgaste de cart\u00edlagos no contiene conservantes artificiales que da\u00f1an tu salud, por su doble proceso de dobl\u00e9 hidrolisis tiene un peso molecular muy bajo, que asegura una excelente absorci\u00f3n lo que genera una mejor biodisponibilidad en el cuerpo obteniendo significativamente un mejor efecto terap\u00e9utico en el paciente Sin maltodextrina, sin saborizantes, sin colorantes.<\/p>\n<ul>\n<li>Libre de Sodio.<\/li>\n<li>Libre de Gluten.<\/li>\n<li>Sin Saborizantes.<\/li>\n<li>Libre de Azucares.<\/li>\n<li>Libre de Colorantes.<\/li>\n<\/ul>\n","protected":false},"excerpt":{"rendered":"<p>Col\u00e1geno Doblemente Hidrolizado<\/p>\n","protected":false},"featured_media":1301,"comment_status":"open","ping_status":"closed","template":"","meta":{"site-sidebar-layout":"no-sidebar","site-content-layout":"boxed-container","ast-site-content-layout":"default","site-content-style":"default","site-sidebar-style":"default","ast-global-header-display":"","ast-banner-title-visibility":"","ast-main-header-display":"","ast-hfb-above-header-display":"","ast-hfb-below-header-display":"","ast-hfb-mobile-header-display":"","site-post-title":"","ast-breadcrumbs-content":"","ast-featured-img":"","footer-sml-layout":"","ast-disable-related-posts":"","theme-transparent-header-meta":"default","adv-header-id-meta":"","stick-header-meta":"","header-above-stick-meta":"","header-main-stick-meta":"","header-below-stick-meta":"","astra-migrate-meta-layouts":"default","ast-page-background-enabled":"default","ast-page-background-meta":{"desktop":{"background-color":"","background-image":"","background-repeat":"repeat","background-position":"center center","background-size":"auto","background-attachment":"scroll","background-type":"","background-media":"","overlay-type":"","overlay-color":"","overlay-opacity":"","overlay-gradient":""},"tablet":{"background-color":"","background-image":"","background-repeat":"repeat","background-position":"center center","background-size":"auto","background-attachment":"scroll","background-type":"","background-media":"","overlay-type":"","overlay-color":"","overlay-opacity":"","overlay-gradient":""},"mobile":{"background-color":"","background-image":"","background-repeat":"repeat","background-position":"center center","background-size":"auto","background-attachment":"scroll","background-type":"","background-media":"","overlay-type":"","overlay-color":"","overlay-opacity":"","overlay-gradient":""}},"ast-content-background-meta":{"desktop":{"background-color":"var(--ast-global-color-5)","background-image":"","background-repeat":"repeat","background-position":"center center","background-size":"auto","background-attachment":"scroll","background-type":"","background-media":"","overlay-type":"","overlay-color":"","overlay-opacity":"","overlay-gradient":""},"tablet":{"background-color":"var(--ast-global-color-5)","background-image":"","background-repeat":"repeat","background-position":"center center","background-size":"auto","background-attachment":"scroll","background-type":"","background-media":"","overlay-type":"","overlay-color":"","overlay-opacity":"","overlay-gradient":""},"mobile":{"background-color":"var(--ast-global-color-5)","background-image":"","background-repeat":"repeat","background-position":"center center","background-size":"auto","background-attachment":"scroll","background-type":"","background-media":"","overlay-type":"","overlay-color":"","overlay-opacity":"","overlay-gradient":""}}},"product_brand":[],"product_cat":[16],"product_tag":[],"class_list":{"0":"post-1256","1":"product","2":"type-product","3":"status-publish","4":"has-post-thumbnail","6":"product_cat-goodlife","7":"desktop-align-left","8":"tablet-align-left","9":"mobile-align-left","11":"first","12":"instock","13":"featured","14":"shipping-taxable","15":"purchasable","16":"product-type-simple"},"_links":{"self":[{"href":"https:\/\/goodlifeperu.com\/index.php\/wp-json\/wp\/v2\/product\/1256","targetHints":{"allow":["GET"]}}],"collection":[{"href":"https:\/\/goodlifeperu.com\/index.php\/wp-json\/wp\/v2\/product"}],"about":[{"href":"https:\/\/goodlifeperu.com\/index.php\/wp-json\/wp\/v2\/types\/product"}],"replies":[{"embeddable":true,"href":"https:\/\/goodlifeperu.com\/index.php\/wp-json\/wp\/v2\/comments?post=1256"}],"wp:featuredmedia":[{"embeddable":true,"href":"https:\/\/goodlifeperu.com\/index.php\/wp-json\/wp\/v2\/media\/1301"}],"wp:attachment":[{"href":"https:\/\/goodlifeperu.com\/index.php\/wp-json\/wp\/v2\/media?parent=1256"}],"wp:term":[{"taxonomy":"product_brand","embeddable":true,"href":"https:\/\/goodlifeperu.com\/index.php\/wp-json\/wp\/v2\/product_brand?post=1256"},{"taxonomy":"product_cat","embeddable":true,"href":"https:\/\/goodlifeperu.com\/index.php\/wp-json\/wp\/v2\/product_cat?post=1256"},{"taxonomy":"product_tag","embeddable":true,"href":"https:\/\/goodlifeperu.com\/index.php\/wp-json\/wp\/v2\/product_tag?post=1256"}],"curies":[{"name":"wp","href":"https:\/\/api.w.org\/{rel}","templated":true}]}}